{"id":5219,"date":"2025-07-26T18:37:58","date_gmt":"2025-07-26T18:37:58","guid":{"rendered":"https:\/\/www.mochilagamer.com\/ropa-accesorios-estilo-para-gamers\/?post_type=product&#038;p=5219"},"modified":"2025-08-13T10:54:30","modified_gmt":"2025-08-13T15:54:30","slug":"camiseta-the-legend-of-zelda-breath-of-the-wild-camisa-blanca-con-estampado-grafico-full-color-3","status":"publish","type":"product","link":"https:\/\/www.mochilagamer.com\/ropa-accesorios-estilo-para-gamers\/producto\/camiseta-the-legend-of-zelda-breath-of-the-wild-camisa-blanca-con-estampado-grafico-full-color-3\/","title":{"rendered":"Camiseta The Legend of Zelda Breath of the Wild Camisa blanca con estampado gr\u00e1fico full color"},"content":{"rendered":"<p>Luce la grandeza de <strong><em data-start=\"2243\" data-end=\"2263\">Breath of the Wild<\/em><\/strong> con esta camiseta exclusiva de <strong>Mochila Gamer<\/strong>. Su dise\u00f1o gr\u00e1fico full color capta el paisaje y los s\u00edmbolos m\u00e1s ic\u00f3nicos del juego.<br data-start=\"2394\" data-end=\"2397\" \/>Hecha con algod\u00f3n suave, transpirable y pensada para los h\u00e9roes urbanos.<br data-start=\"2469\" data-end=\"2472\" \/>Ll\u00e9vala sola o bajo una chaqueta ligera: esta camiseta no solo habla de tu afici\u00f3n, habla de tu leyenda.<\/p>\n<p><img fetchpriority=\"high\" decoding=\"async\" class=\"alignnone wp-image-5256 size-full\" src=\"https:\/\/www.mochilagamer.com\/ropa-accesorios-estilo-para-gamers\/wp-content\/uploads\/2025\/07\/tallas4.jpg\" alt=\"\" width=\"1022\" height=\"415\" srcset=\"https:\/\/www.mochilagamer.com\/ropa-accesorios-estilo-para-gamers\/wp-content\/uploads\/2025\/07\/tallas4.jpg 1022w, https:\/\/www.mochilagamer.com\/ropa-accesorios-estilo-para-gamers\/wp-content\/uploads\/2025\/07\/tallas4-300x122.jpg 300w, https:\/\/www.mochilagamer.com\/ropa-accesorios-estilo-para-gamers\/wp-content\/uploads\/2025\/07\/tallas4-768x312.jpg 768w, https:\/\/www.mochilagamer.com\/ropa-accesorios-estilo-para-gamers\/wp-content\/uploads\/2025\/07\/tallas4-600x244.jpg 600w\" sizes=\"(max-width: 1022px) 100vw, 1022px\" \/><\/p>\n","protected":false},"excerpt":{"rendered":"<p>Luce la grandeza de Breath of the Wild con esta camiseta exclusiva de Mochila Gamer. Su dise\u00f1o gr\u00e1fico full color&#8230;<\/p>\n","protected":false},"featured_media":5224,"comment_status":"open","ping_status":"closed","template":"","meta":[],"product_brand":[],"product_cat":[20,22,43,24],"product_tag":[29,58,28,59,60,61],"class_list":{"0":"post-5219","1":"product","2":"type-product","3":"status-publish","4":"has-post-thumbnail","6":"product_cat-breath-of-the-wild","7":"product_cat-link","8":"product_cat-t-shirts","9":"product_cat-the-legend-of-zelda","10":"product_tag-breath-of-the-wild","11":"product_tag-daruk","12":"product_tag-link","13":"product_tag-mipha","14":"product_tag-revali","15":"product_tag-urbosa","17":"first","18":"instock","19":"sale","20":"shipping-taxable","21":"purchasable","22":"product-type-variable"},"_links":{"self":[{"href":"https:\/\/www.mochilagamer.com\/ropa-accesorios-estilo-para-gamers\/wp-json\/wp\/v2\/product\/5219","targetHints":{"allow":["GET"]}}],"collection":[{"href":"https:\/\/www.mochilagamer.com\/ropa-accesorios-estilo-para-gamers\/wp-json\/wp\/v2\/product"}],"about":[{"href":"https:\/\/www.mochilagamer.com\/ropa-accesorios-estilo-para-gamers\/wp-json\/wp\/v2\/types\/product"}],"replies":[{"embeddable":true,"href":"https:\/\/www.mochilagamer.com\/ropa-accesorios-estilo-para-gamers\/wp-json\/wp\/v2\/comments?post=5219"}],"wp:featuredmedia":[{"embeddable":true,"href":"https:\/\/www.mochilagamer.com\/ropa-accesorios-estilo-para-gamers\/wp-json\/wp\/v2\/media\/5224"}],"wp:attachment":[{"href":"https:\/\/www.mochilagamer.com\/ropa-accesorios-estilo-para-gamers\/wp-json\/wp\/v2\/media?parent=5219"}],"wp:term":[{"taxonomy":"product_brand","embeddable":true,"href":"https:\/\/www.mochilagamer.com\/ropa-accesorios-estilo-para-gamers\/wp-json\/wp\/v2\/product_brand?post=5219"},{"taxonomy":"product_cat","embeddable":true,"href":"https:\/\/www.mochilagamer.com\/ropa-accesorios-estilo-para-gamers\/wp-json\/wp\/v2\/product_cat?post=5219"},{"taxonomy":"product_tag","embeddable":true,"href":"https:\/\/www.mochilagamer.com\/ropa-accesorios-estilo-para-gamers\/wp-json\/wp\/v2\/product_tag?post=5219"}],"curies":[{"name":"wp","href":"https:\/\/api.w.org\/{rel}","templated":true}]}}