{"id":5198,"date":"2025-07-26T18:18:08","date_gmt":"2025-07-26T18:18:08","guid":{"rendered":"https:\/\/www.mochilagamer.com\/ropa-accesorios-estilo-para-gamers\/?post_type=product&#038;p=5198"},"modified":"2025-08-13T10:59:11","modified_gmt":"2025-08-13T15:59:11","slug":"camiseta-the-legend-of-zelda-breath-of-the-wild-zelda-y-link-camisa-blanca-con-estampado-grafico-full-color","status":"publish","type":"product","link":"https:\/\/www.mochilagamer.com\/ropa-accesorios-estilo-para-gamers\/producto\/camiseta-the-legend-of-zelda-breath-of-the-wild-zelda-y-link-camisa-blanca-con-estampado-grafico-full-color\/","title":{"rendered":"Camiseta The Legend of Zelda Breath of the Wild Zelda y Link Camisa blanca con estampado gr\u00e1fico full color"},"content":{"rendered":"<p data-start=\"538\" data-end=\"797\">Esta camiseta con estampado full color captura la conexi\u00f3n inquebrantable entre la princesa <strong>Zelda y Link en <em data-start=\"678\" data-end=\"698\">Breath of the Wild<\/em><\/strong>. Un dise\u00f1o vibrante que honra su valent\u00eda, su fuerza y el v\u00ednculo que los une m\u00e1s all\u00e1 del tiempo.<\/p>\n<p data-start=\"799\" data-end=\"992\">Elaborada en algod\u00f3n suave y transpirable, perfecta para gamers que saben que las mejores batallas se libran en equipo. Mochila Gamer viste tu lado m\u00e1s heroico con prendas que hablan tu idioma.<\/p>\n<p><img fetchpriority=\"high\" decoding=\"async\" class=\"alignnone wp-image-5256 size-full\" src=\"https:\/\/www.mochilagamer.com\/ropa-accesorios-estilo-para-gamers\/wp-content\/uploads\/2025\/07\/tallas4.jpg\" alt=\"\" width=\"1022\" height=\"415\" srcset=\"https:\/\/www.mochilagamer.com\/ropa-accesorios-estilo-para-gamers\/wp-content\/uploads\/2025\/07\/tallas4.jpg 1022w, https:\/\/www.mochilagamer.com\/ropa-accesorios-estilo-para-gamers\/wp-content\/uploads\/2025\/07\/tallas4-300x122.jpg 300w, https:\/\/www.mochilagamer.com\/ropa-accesorios-estilo-para-gamers\/wp-content\/uploads\/2025\/07\/tallas4-768x312.jpg 768w, https:\/\/www.mochilagamer.com\/ropa-accesorios-estilo-para-gamers\/wp-content\/uploads\/2025\/07\/tallas4-600x244.jpg 600w\" sizes=\"(max-width: 1022px) 100vw, 1022px\" \/><\/p>\n","protected":false},"excerpt":{"rendered":"<p>Esta camiseta con estampado full color captura la conexi\u00f3n inquebrantable entre la princesa Zelda y Link en Breath of the&#8230;<\/p>\n","protected":false},"featured_media":5203,"comment_status":"open","ping_status":"closed","template":"","meta":[],"product_brand":[],"product_cat":[20,22,43,24,23],"product_tag":[29,28,27],"class_list":{"0":"post-5198","1":"product","2":"type-product","3":"status-publish","4":"has-post-thumbnail","6":"product_cat-breath-of-the-wild","7":"product_cat-link","8":"product_cat-t-shirts","9":"product_cat-the-legend-of-zelda","10":"product_cat-zelda","11":"product_tag-breath-of-the-wild","12":"product_tag-link","13":"product_tag-zelda","15":"first","16":"instock","17":"shipping-taxable","18":"purchasable","19":"product-type-variable"},"_links":{"self":[{"href":"https:\/\/www.mochilagamer.com\/ropa-accesorios-estilo-para-gamers\/wp-json\/wp\/v2\/product\/5198","targetHints":{"allow":["GET"]}}],"collection":[{"href":"https:\/\/www.mochilagamer.com\/ropa-accesorios-estilo-para-gamers\/wp-json\/wp\/v2\/product"}],"about":[{"href":"https:\/\/www.mochilagamer.com\/ropa-accesorios-estilo-para-gamers\/wp-json\/wp\/v2\/types\/product"}],"replies":[{"embeddable":true,"href":"https:\/\/www.mochilagamer.com\/ropa-accesorios-estilo-para-gamers\/wp-json\/wp\/v2\/comments?post=5198"}],"wp:featuredmedia":[{"embeddable":true,"href":"https:\/\/www.mochilagamer.com\/ropa-accesorios-estilo-para-gamers\/wp-json\/wp\/v2\/media\/5203"}],"wp:attachment":[{"href":"https:\/\/www.mochilagamer.com\/ropa-accesorios-estilo-para-gamers\/wp-json\/wp\/v2\/media?parent=5198"}],"wp:term":[{"taxonomy":"product_brand","embeddable":true,"href":"https:\/\/www.mochilagamer.com\/ropa-accesorios-estilo-para-gamers\/wp-json\/wp\/v2\/product_brand?post=5198"},{"taxonomy":"product_cat","embeddable":true,"href":"https:\/\/www.mochilagamer.com\/ropa-accesorios-estilo-para-gamers\/wp-json\/wp\/v2\/product_cat?post=5198"},{"taxonomy":"product_tag","embeddable":true,"href":"https:\/\/www.mochilagamer.com\/ropa-accesorios-estilo-para-gamers\/wp-json\/wp\/v2\/product_tag?post=5198"}],"curies":[{"name":"wp","href":"https:\/\/api.w.org\/{rel}","templated":true}]}}