{"id":5191,"date":"2025-07-26T18:12:41","date_gmt":"2025-07-26T18:12:41","guid":{"rendered":"https:\/\/www.mochilagamer.com\/ropa-accesorios-estilo-para-gamers\/?post_type=product&#038;p=5191"},"modified":"2025-08-13T11:08:36","modified_gmt":"2025-08-13T16:08:36","slug":"camiseta-the-legend-of-zelda-hyrule-warriors-age-of-calamity-camisa-blanca-con-estampado-grafico-full-color-2","status":"publish","type":"product","link":"https:\/\/www.mochilagamer.com\/ropa-accesorios-estilo-para-gamers\/producto\/camiseta-the-legend-of-zelda-hyrule-warriors-age-of-calamity-camisa-blanca-con-estampado-grafico-full-color-2\/","title":{"rendered":"Camiseta The Legend of Zelda Hyrule Warriors: Age of Calamity Camisa blanca con estampado gr\u00e1fico full color"},"content":{"rendered":"<p><strong>\u00a1Equ\u00edpate como un h\u00e9roe de Hyrule!<\/strong> Esta camiseta blanca con estampado full color trae a la vida los \u00edconos y h\u00e9roes de <em data-start=\"2503\" data-end=\"2537\">Hyrule Warriors: Age of Calamity<\/em>. Desde los s\u00edmbolos de la resistencia hasta escenas de combate \u00e9picas, todo plasmado con alta resoluci\u00f3n y detalle.<br data-start=\"2653\" data-end=\"2656\" \/>Ideal para combinar con jeans, chaquetas ligeras o capas de h\u00e9roe. Fabricada con algod\u00f3n suave, transpirable y resistente al uso continuo.<\/p>\n<p><img fetchpriority=\"high\" decoding=\"async\" class=\"alignnone wp-image-5256 size-full\" src=\"https:\/\/www.mochilagamer.com\/ropa-accesorios-estilo-para-gamers\/wp-content\/uploads\/2025\/07\/tallas4.jpg\" alt=\"\" width=\"1022\" height=\"415\" srcset=\"https:\/\/www.mochilagamer.com\/ropa-accesorios-estilo-para-gamers\/wp-content\/uploads\/2025\/07\/tallas4.jpg 1022w, https:\/\/www.mochilagamer.com\/ropa-accesorios-estilo-para-gamers\/wp-content\/uploads\/2025\/07\/tallas4-300x122.jpg 300w, https:\/\/www.mochilagamer.com\/ropa-accesorios-estilo-para-gamers\/wp-content\/uploads\/2025\/07\/tallas4-768x312.jpg 768w, https:\/\/www.mochilagamer.com\/ropa-accesorios-estilo-para-gamers\/wp-content\/uploads\/2025\/07\/tallas4-600x244.jpg 600w\" sizes=\"(max-width: 1022px) 100vw, 1022px\" \/><\/p>\n","protected":false},"excerpt":{"rendered":"<p>\u00a1Equ\u00edpate como un h\u00e9roe de Hyrule! Esta camiseta blanca con estampado full color trae a la vida los \u00edconos y&#8230;<\/p>\n","protected":false},"featured_media":5196,"comment_status":"open","ping_status":"closed","template":"","meta":[],"product_brand":[],"product_cat":[25,22,43,24,23],"product_tag":[28,27],"class_list":{"0":"post-5191","1":"product","2":"type-product","3":"status-publish","4":"has-post-thumbnail","6":"product_cat-hyrule-warriors","7":"product_cat-link","8":"product_cat-t-shirts","9":"product_cat-the-legend-of-zelda","10":"product_cat-zelda","11":"product_tag-link","12":"product_tag-zelda","14":"first","15":"instock","16":"shipping-taxable","17":"purchasable","18":"product-type-variable"},"_links":{"self":[{"href":"https:\/\/www.mochilagamer.com\/ropa-accesorios-estilo-para-gamers\/wp-json\/wp\/v2\/product\/5191","targetHints":{"allow":["GET"]}}],"collection":[{"href":"https:\/\/www.mochilagamer.com\/ropa-accesorios-estilo-para-gamers\/wp-json\/wp\/v2\/product"}],"about":[{"href":"https:\/\/www.mochilagamer.com\/ropa-accesorios-estilo-para-gamers\/wp-json\/wp\/v2\/types\/product"}],"replies":[{"embeddable":true,"href":"https:\/\/www.mochilagamer.com\/ropa-accesorios-estilo-para-gamers\/wp-json\/wp\/v2\/comments?post=5191"}],"wp:featuredmedia":[{"embeddable":true,"href":"https:\/\/www.mochilagamer.com\/ropa-accesorios-estilo-para-gamers\/wp-json\/wp\/v2\/media\/5196"}],"wp:attachment":[{"href":"https:\/\/www.mochilagamer.com\/ropa-accesorios-estilo-para-gamers\/wp-json\/wp\/v2\/media?parent=5191"}],"wp:term":[{"taxonomy":"product_brand","embeddable":true,"href":"https:\/\/www.mochilagamer.com\/ropa-accesorios-estilo-para-gamers\/wp-json\/wp\/v2\/product_brand?post=5191"},{"taxonomy":"product_cat","embeddable":true,"href":"https:\/\/www.mochilagamer.com\/ropa-accesorios-estilo-para-gamers\/wp-json\/wp\/v2\/product_cat?post=5191"},{"taxonomy":"product_tag","embeddable":true,"href":"https:\/\/www.mochilagamer.com\/ropa-accesorios-estilo-para-gamers\/wp-json\/wp\/v2\/product_tag?post=5191"}],"curies":[{"name":"wp","href":"https:\/\/api.w.org\/{rel}","templated":true}]}}