{"id":119,"date":"2025-07-24T21:49:22","date_gmt":"2025-07-24T21:49:22","guid":{"rendered":"https:\/\/www.mochilagamer.com\/ropa-accesorios-estilo-para-gamers\/?post_type=product&#038;p=119"},"modified":"2025-08-13T13:37:27","modified_gmt":"2025-08-13T18:37:27","slug":"camiseta-the-legend-of-los-elegidos-zelda-breath-of-the-wild-camisa-blanca-con-estampado-grafico-full-color","status":"publish","type":"product","link":"https:\/\/www.mochilagamer.com\/ropa-accesorios-estilo-para-gamers\/producto\/camiseta-the-legend-of-los-elegidos-zelda-breath-of-the-wild-camisa-blanca-con-estampado-grafico-full-color\/","title":{"rendered":"Camiseta The Legend of Los Elegidos Zelda Breath of the Wild Camisa blanca con estampado gr\u00e1fico full color"},"content":{"rendered":"<p data-start=\"2248\" data-end=\"2499\"><strong>Los cuatro campeones<\/strong> que dieron todo por Hyrule est\u00e1n reunidos en esta poderosa camiseta blanca. El dise\u00f1o gr\u00e1fico full color combina arte y pasi\u00f3n gamer, reviviendo uno de los momentos m\u00e1s emocionales de <em data-start=\"2478\" data-end=\"2498\">Breath of the Wild<\/em>.<\/p>\n<p data-start=\"2501\" data-end=\"2731\">Perfecta para coleccionistas, fans y aventureros. Su tela suave se adapta a tu cuerpo como la confianza de Urbosa, la ternura de Mipha, la fuerza de Daruk y la precisi\u00f3n de Revali. MochilaGamer.com te viste como el h\u00e9roe que eres.<\/p>\n<p><img fetchpriority=\"high\" decoding=\"async\" class=\"alignnone wp-image-5256 size-full\" src=\"https:\/\/www.mochilagamer.com\/ropa-accesorios-estilo-para-gamers\/wp-content\/uploads\/2025\/07\/tallas4.jpg\" alt=\"\" width=\"1022\" height=\"415\" srcset=\"https:\/\/www.mochilagamer.com\/ropa-accesorios-estilo-para-gamers\/wp-content\/uploads\/2025\/07\/tallas4.jpg 1022w, https:\/\/www.mochilagamer.com\/ropa-accesorios-estilo-para-gamers\/wp-content\/uploads\/2025\/07\/tallas4-300x122.jpg 300w, https:\/\/www.mochilagamer.com\/ropa-accesorios-estilo-para-gamers\/wp-content\/uploads\/2025\/07\/tallas4-768x312.jpg 768w, https:\/\/www.mochilagamer.com\/ropa-accesorios-estilo-para-gamers\/wp-content\/uploads\/2025\/07\/tallas4-600x244.jpg 600w\" sizes=\"(max-width: 1022px) 100vw, 1022px\" \/><\/p>\n","protected":false},"excerpt":{"rendered":"<p>Los cuatro campeones que dieron todo por Hyrule est\u00e1n reunidos en esta poderosa camiseta blanca. El dise\u00f1o gr\u00e1fico full color&#8230;<\/p>\n","protected":false},"featured_media":5178,"comment_status":"open","ping_status":"closed","template":"","meta":[],"product_brand":[],"product_cat":[20,22,43,24],"product_tag":[58,28,59,60,61],"class_list":{"0":"post-119","1":"product","2":"type-product","3":"status-publish","4":"has-post-thumbnail","6":"product_cat-breath-of-the-wild","7":"product_cat-link","8":"product_cat-t-shirts","9":"product_cat-the-legend-of-zelda","10":"product_tag-daruk","11":"product_tag-link","12":"product_tag-mipha","13":"product_tag-revali","14":"product_tag-urbosa","16":"first","17":"instock","18":"shipping-taxable","19":"purchasable","20":"product-type-variable"},"_links":{"self":[{"href":"https:\/\/www.mochilagamer.com\/ropa-accesorios-estilo-para-gamers\/wp-json\/wp\/v2\/product\/119","targetHints":{"allow":["GET"]}}],"collection":[{"href":"https:\/\/www.mochilagamer.com\/ropa-accesorios-estilo-para-gamers\/wp-json\/wp\/v2\/product"}],"about":[{"href":"https:\/\/www.mochilagamer.com\/ropa-accesorios-estilo-para-gamers\/wp-json\/wp\/v2\/types\/product"}],"replies":[{"embeddable":true,"href":"https:\/\/www.mochilagamer.com\/ropa-accesorios-estilo-para-gamers\/wp-json\/wp\/v2\/comments?post=119"}],"wp:featuredmedia":[{"embeddable":true,"href":"https:\/\/www.mochilagamer.com\/ropa-accesorios-estilo-para-gamers\/wp-json\/wp\/v2\/media\/5178"}],"wp:attachment":[{"href":"https:\/\/www.mochilagamer.com\/ropa-accesorios-estilo-para-gamers\/wp-json\/wp\/v2\/media?parent=119"}],"wp:term":[{"taxonomy":"product_brand","embeddable":true,"href":"https:\/\/www.mochilagamer.com\/ropa-accesorios-estilo-para-gamers\/wp-json\/wp\/v2\/product_brand?post=119"},{"taxonomy":"product_cat","embeddable":true,"href":"https:\/\/www.mochilagamer.com\/ropa-accesorios-estilo-para-gamers\/wp-json\/wp\/v2\/product_cat?post=119"},{"taxonomy":"product_tag","embeddable":true,"href":"https:\/\/www.mochilagamer.com\/ropa-accesorios-estilo-para-gamers\/wp-json\/wp\/v2\/product_tag?post=119"}],"curies":[{"name":"wp","href":"https:\/\/api.w.org\/{rel}","templated":true}]}}