{"id":141,"date":"2025-07-26T04:47:53","date_gmt":"2025-07-26T04:47:53","guid":{"rendered":"https:\/\/www.mochilagamer.com\/ropa-accesorios-estilo-para-gamers\/?page_id=141"},"modified":"2025-07-26T07:54:36","modified_gmt":"2025-07-26T07:54:36","slug":"quienes-somos","status":"publish","type":"page","link":"https:\/\/www.mochilagamer.com\/ropa-accesorios-estilo-para-gamers\/quienes-somos\/","title":{"rendered":"\u00bfQuienes somos?"},"content":{"rendered":"\n<p><strong>No somos solo una tienda. Somos una aventura.<\/strong><\/p>\n\n\n\n<p>En <em>Mochila Gamer<\/em> creemos que cada jugador lleva consigo m\u00e1s que controles, camisetas y figuras: lleva historias, logros \u00e9picos, derrotas con aprendizaje y mundos que ha salvado m\u00e1s de una vez. Y como todo buen h\u00e9roe, necesita una mochila digna de sus haza\u00f1as.<\/p>\n\n\n\n<p>Aqu\u00ed es donde entramos nosotros.<\/p>\n\n\n\n<p>Nacimos del amor por los videojuegos cl\u00e1sicos, de esa sensaci\u00f3n m\u00e1gica que nos dio la primera vez que descubrimos Hyrule, derrotamos a Bowser o rescatamos a una princesa en 8 bits. Pero m\u00e1s all\u00e1 del pixel y la nostalgia, creemos en <strong>vivir la aventura fuera de la pantalla<\/strong>.<\/p>\n\n\n\n<p>\ud83d\udee1\ufe0f Por eso, <em>Mochila Gamer<\/em> es una tienda para quienes sienten que su estilo tambi\u00e9n es parte del juego.<br>\ud83c\udf92 Vendemos camisetas con el esp\u00edritu de la Trifuerza, p\u00f3cimas que decoran tu escritorio como si fueras un alquimista de nivel 99, escudos que no protegen de ataques, pero s\u00ed de la rutina, y mochilas que parecen salidas de un inventario RPG.<br>\ud83d\udc1e Si encuentras un insecto, \u00a1tranquilo! Aqu\u00ed son coleccionables.<\/p>\n\n\n\n<p><strong>Somos fans. Somos frikis. Somos h\u00e9roes cotidianos que decidimos vestir la aventura.<\/strong><\/p>\n\n\n\n<p><\/p>\n","protected":false},"excerpt":{"rendered":"<p>No somos solo una tienda. Somos una aventura. En Mochila Gamer creemos que cada jugador lleva consigo m\u00e1s que controles,&#8230;<\/p>\n","protected":false},"author":1,"featured_media":0,"parent":0,"menu_order":0,"comment_status":"closed","ping_status":"closed","template":"","meta":{"footnotes":""},"class_list":["post-141","page","type-page","status-publish","hentry"],"post-meta":{"_edit_lock":["1753516589:1"],"_edit_last":["1"],"shopwell_hide_page_header":["0"],"shopwell_hide_title":["0"],"shopwell_hide_breadcrumb":["0"],"shopwell_content_top_spacing":["default"],"shopwell_content_bottom_spacing":["default"],"header_category_menu_display":["default"],"site-container":["default"],"site-header-transparent":["default"],"site-page-header":["default"],"site-sidebar":["default"]},"_links":{"self":[{"href":"https:\/\/www.mochilagamer.com\/ropa-accesorios-estilo-para-gamers\/wp-json\/wp\/v2\/pages\/141","targetHints":{"allow":["GET"]}}],"collection":[{"href":"https:\/\/www.mochilagamer.com\/ropa-accesorios-estilo-para-gamers\/wp-json\/wp\/v2\/pages"}],"about":[{"href":"https:\/\/www.mochilagamer.com\/ropa-accesorios-estilo-para-gamers\/wp-json\/wp\/v2\/types\/page"}],"author":[{"embeddable":true,"href":"https:\/\/www.mochilagamer.com\/ropa-accesorios-estilo-para-gamers\/wp-json\/wp\/v2\/users\/1"}],"replies":[{"embeddable":true,"href":"https:\/\/www.mochilagamer.com\/ropa-accesorios-estilo-para-gamers\/wp-json\/wp\/v2\/comments?post=141"}],"version-history":[{"count":2,"href":"https:\/\/www.mochilagamer.com\/ropa-accesorios-estilo-para-gamers\/wp-json\/wp\/v2\/pages\/141\/revisions"}],"predecessor-version":[{"id":5170,"href":"https:\/\/www.mochilagamer.com\/ropa-accesorios-estilo-para-gamers\/wp-json\/wp\/v2\/pages\/141\/revisions\/5170"}],"wp:attachment":[{"href":"https:\/\/www.mochilagamer.com\/ropa-accesorios-estilo-para-gamers\/wp-json\/wp\/v2\/media?parent=141"}],"curies":[{"name":"wp","href":"https:\/\/api.w.org\/{rel}","templated":true}]}}